{"id":4363,"date":"2023-05-10T22:47:47","date_gmt":"2023-05-10T22:47:47","guid":{"rendered":"https:\/\/www.robotec.se\/?page_id=4363"},"modified":"2025-08-20T21:06:50","modified_gmt":"2025-08-20T21:06:50","slug":"aktuellt","status":"publish","type":"page","link":"https:\/\/www.robotec.se\/en\/aktuellt\/","title":{"rendered":"Latest news"},"content":{"rendered":"<section style=\"background-attachment:fixed;\" data-bg-image=\"url\" class=\"vc_row vc_custom_1683840381394 liquid-row-shadowbox-69f27bb545a4a vc_row-has-fill vc_row-has-bg\"><div class=\"liquid-row-overlay\" style=\"background:linear-gradient(139deg, rgb(35, 31, 32) 47.133757961783445%, rgb(237, 28, 36) 100%)\"><\/div><div class=\"ld-container container\"><div class=\"row ld-row ld-row-outer\"><style>@media (min-width: 992px) { .liquid-column-responsive-69f27bb545ec2 > .vc_column-inner {padding-right:7% !important;  }  } <\/style><div class=\"wpb_column vc_column_container vc_col-sm-12 vc_col-md-offset-1 vc_col-md-10 liquid-column-69f27bb545ec0 liquid-column-responsive-69f27bb545ec2\"><div class=\"vc_column-inner\" ><div class=\"wpb_wrapper\"  ><style>.ld_fancy_heading_69f27bb546050 h2{color:rgb(255, 255, 255);}.ld_fancy_heading_69f27bb546050 h2 {font-size:40px; } @media (min-width: 992px) { .ld_fancy_heading_69f27bb546050 h2 {font-size:50px; }  } .ld_fancy_heading_69f27bb546050 h2 {line-height:1.5em; } .ld_fancy_heading_69f27bb546050 h2 {--element-line-height:1.5em; } .ld_fancy_heading_69f27bb546050 .lqd-highlight-inner{height:0.275em!important;bottom:0px!important;}.ld_fancy_heading_69f27bb546050 h2 {font-size:40px; } @media (min-width: 992px) { .ld_fancy_heading_69f27bb546050 h2 {font-size:50px; }  } .ld_fancy_heading_69f27bb546050 h2 {line-height:1.5em; } .ld_fancy_heading_69f27bb546050 h2 {--element-line-height:1.5em; } <\/style><div class=\"ld-fancy-heading text-center ld_fancy_heading_69f27bb546050\">\n\t<h2 class=\"ld-fh-element lqd-highlight-underline lqd-highlight-grow-left text-decoration-default lqd-split-words\"   data-split-text=\"true\" data-split-options='{\"type\":\"words\"}' data-custom-animations=\"true\" data-ca-options='{\"triggerHandler\":\"inview\",\"animationTarget\":\".lqd-words > .split-inner\",\"duration\":\"800\",\"delay\":\"20\",\"ease\":\"linear\",\"direction\":\"random\",\"initValues\":{\"opacity\":0},\"animations\":{\"opacity\":1}}'>  Stay up-to-date - Check out our company news here!<\/h2><\/div><\/div><\/div><\/div><\/div><\/div><\/section><style>@media (min-width: 992px) { .liquid-row-responsive-69f27bb5464a8 {margin-top:60px !important;  }  }    <\/style><section class=\"vc_row vc_custom_1683759152449 liquid-row-responsive-69f27bb5464a8 liquid-row-shadowbox-69f27bb5464b8\"><div class=\"ld-container container\"><div class=\"row ld-row ld-row-outer vc_row-o-content-middle vc_row-flex\"><style>@media (min-width: 768px) { .liquid-column-responsive-69f27bb5466b8 > .vc_column-inner {margin-bottom:25px !important;  }  } @media (min-width: 992px) { .liquid-column-responsive-69f27bb5466b8 > .vc_column-inner {margin-bottom:80px !important;  }  } <\/style><div class=\"wpb_column vc_column_container vc_col-sm-12 liquid-column-69f27bb5466b7 liquid-column-responsive-69f27bb5466b8\"><div class=\"vc_column-inner  vc_custom_1602156564948\" ><div class=\"wpb_wrapper\"  ><style>.ld_blog_69f27bb5467ad .lqd-lp-row{margin-inline-start:-15px;margin-inline-end:-15px;}.ld_blog_69f27bb5467ad .lqd-lp-column{padding-inline-start:15px;padding-inline-end:15px;margin-bottom:30px;}.ld_blog_69f27bb5467ad .lqd-lp .lqd-lp-title{font-weight:700!important;margin-top:px !important;margin-bottom:px !important;}.ld_blog_69f27bb5467ad .lqd-lp:hover .lqd-lp-title a{color:rgb(0, 0, 0);}<\/style><div class=\"lqd-lp-grid ld_blog_69f27bb5467ad lqd-1588957493353-c70b8c09-8ad4\"><div class=\"lqd-lp-row row d-flex flex-wrap\"><\/div><!--\/ .row --><\/div><!--\/ .lqd-lp-grid --><\/div><\/div><\/div><\/div><\/div><\/section>","protected":false},"excerpt":{"rendered":"Stay up-to-date - Check out our company news here!","protected":false},"author":1,"featured_media":5295,"parent":0,"menu_order":0,"comment_status":"closed","ping_status":"closed","template":"","meta":{"footnotes":""},"class_list":["post-4363","page","type-page","status-publish","has-post-thumbnail","hentry"],"yoast_head":"<!-- This site is optimized with the Yoast SEO plugin v26.4 - https:\/\/yoast.com\/wordpress\/plugins\/seo\/ -->\n<title>H\u00e5ll dig uppdaterad \u2013 Ta del av v\u00e5ra f\u00f6retagsnyheter h\u00e4r!<\/title>\n<meta name=\"description\" content=\"P\u00e5 denna sida kan du enkelt ta del av v\u00e5ra senaste nyheter och uppdateringar. H\u00e5ll dig uppdaterad om det senaste inom v\u00e5r bransch.\" \/>\n<meta name=\"robots\" content=\"index, follow, max-snippet:-1, max-image-preview:large, max-video-preview:-1\" \/>\n<link rel=\"canonical\" href=\"https:\/\/www.robotec.se\/en\/aktuellt\/\" \/>\n<meta property=\"og:locale\" content=\"en_GB\" \/>\n<meta property=\"og:type\" content=\"article\" \/>\n<meta property=\"og:title\" content=\"H\u00e5ll dig uppdaterad \u2013 Ta del av v\u00e5ra f\u00f6retagsnyheter h\u00e4r!\" \/>\n<meta property=\"og:description\" content=\"P\u00e5 denna sida kan du enkelt ta del av v\u00e5ra senaste nyheter och uppdateringar. H\u00e5ll dig uppdaterad om det senaste inom v\u00e5r bransch.\" \/>\n<meta property=\"og:url\" content=\"https:\/\/www.robotec.se\/en\/aktuellt\/\" \/>\n<meta property=\"og:site_name\" content=\"Robotec\" \/>\n<meta property=\"article:modified_time\" content=\"2025-08-20T21:06:50+00:00\" \/>\n<meta property=\"og:image\" content=\"https:\/\/www.robotec.se\/wp-content\/uploads\/2025\/07\/karriar.jpg\" \/>\n\t<meta property=\"og:image:width\" content=\"900\" \/>\n\t<meta property=\"og:image:height\" content=\"750\" \/>\n\t<meta property=\"og:image:type\" content=\"image\/jpeg\" \/>\n<meta name=\"twitter:card\" content=\"summary_large_image\" \/>\n<meta name=\"twitter:label1\" content=\"Estimated reading time\" \/>\n\t<meta name=\"twitter:data1\" content=\"1 minute\" \/>\n<script type=\"application\/ld+json\" class=\"yoast-schema-graph\">{\"@context\":\"https:\/\/schema.org\",\"@graph\":[{\"@type\":\"WebPage\",\"@id\":\"https:\/\/www.robotec.se\/aktuellt\/\",\"url\":\"https:\/\/www.robotec.se\/aktuellt\/\",\"name\":\"H\u00e5ll dig uppdaterad \u2013 Ta del av v\u00e5ra f\u00f6retagsnyheter h\u00e4r!\",\"isPartOf\":{\"@id\":\"https:\/\/www.robotec.se\/#website\"},\"primaryImageOfPage\":{\"@id\":\"https:\/\/www.robotec.se\/aktuellt\/#primaryimage\"},\"image\":{\"@id\":\"https:\/\/www.robotec.se\/aktuellt\/#primaryimage\"},\"thumbnailUrl\":\"https:\/\/www.robotec.se\/wp-content\/uploads\/2025\/07\/karriar.jpg\",\"datePublished\":\"2023-05-10T22:47:47+00:00\",\"dateModified\":\"2025-08-20T21:06:50+00:00\",\"description\":\"P\u00e5 denna sida kan du enkelt ta del av v\u00e5ra senaste nyheter och uppdateringar. H\u00e5ll dig uppdaterad om det senaste inom v\u00e5r bransch.\",\"breadcrumb\":{\"@id\":\"https:\/\/www.robotec.se\/aktuellt\/#breadcrumb\"},\"inLanguage\":\"en-GB\",\"potentialAction\":[{\"@type\":\"ReadAction\",\"target\":[\"https:\/\/www.robotec.se\/aktuellt\/\"]}]},{\"@type\":\"ImageObject\",\"inLanguage\":\"en-GB\",\"@id\":\"https:\/\/www.robotec.se\/aktuellt\/#primaryimage\",\"url\":\"https:\/\/www.robotec.se\/wp-content\/uploads\/2025\/07\/karriar.jpg\",\"contentUrl\":\"https:\/\/www.robotec.se\/wp-content\/uploads\/2025\/07\/karriar.jpg\",\"width\":900,\"height\":750},{\"@type\":\"BreadcrumbList\",\"@id\":\"https:\/\/www.robotec.se\/aktuellt\/#breadcrumb\",\"itemListElement\":[{\"@type\":\"ListItem\",\"position\":1,\"name\":\"Hem\",\"item\":\"https:\/\/www.robotec.se\/\"},{\"@type\":\"ListItem\",\"position\":2,\"name\":\"Aktuellt\"}]},{\"@type\":\"WebSite\",\"@id\":\"https:\/\/www.robotec.se\/#website\",\"url\":\"https:\/\/www.robotec.se\/\",\"name\":\"Robotec AB\",\"description\":\"Vi hj\u00e4lper dig med pl\u00e5tbearbetning\",\"publisher\":{\"@id\":\"https:\/\/www.robotec.se\/#organization\"},\"potentialAction\":[{\"@type\":\"SearchAction\",\"target\":{\"@type\":\"EntryPoint\",\"urlTemplate\":\"https:\/\/www.robotec.se\/?s={search_term_string}\"},\"query-input\":{\"@type\":\"PropertyValueSpecification\",\"valueRequired\":true,\"valueName\":\"search_term_string\"}}],\"inLanguage\":\"en-GB\"},{\"@type\":\"Organization\",\"@id\":\"https:\/\/www.robotec.se\/#organization\",\"name\":\"Robotec AB\",\"url\":\"https:\/\/www.robotec.se\/\",\"logo\":{\"@type\":\"ImageObject\",\"inLanguage\":\"en-GB\",\"@id\":\"https:\/\/www.robotec.se\/#\/schema\/logo\/image\/\",\"url\":\"https:\/\/www.robotec.se\/wp-content\/uploads\/2025\/06\/roboteclogo-1.png\",\"contentUrl\":\"https:\/\/www.robotec.se\/wp-content\/uploads\/2025\/06\/roboteclogo-1.png\",\"width\":700,\"height\":91,\"caption\":\"Robotec AB\"},\"image\":{\"@id\":\"https:\/\/www.robotec.se\/#\/schema\/logo\/image\/\"}}]}<\/script>\n<!-- \/ Yoast SEO plugin. -->","yoast_head_json":{"title":"Stay up-to-date - Check out our company news here!","description":"On this page you can easily access our latest news and updates. Keep up to date with the latest in our industry.","robots":{"index":"index","follow":"follow","max-snippet":"max-snippet:-1","max-image-preview":"max-image-preview:large","max-video-preview":"max-video-preview:-1"},"canonical":"https:\/\/www.robotec.se\/en\/aktuellt\/","og_locale":"en_GB","og_type":"article","og_title":"H\u00e5ll dig uppdaterad \u2013 Ta del av v\u00e5ra f\u00f6retagsnyheter h\u00e4r!","og_description":"P\u00e5 denna sida kan du enkelt ta del av v\u00e5ra senaste nyheter och uppdateringar. H\u00e5ll dig uppdaterad om det senaste inom v\u00e5r bransch.","og_url":"https:\/\/www.robotec.se\/en\/aktuellt\/","og_site_name":"Robotec","article_modified_time":"2025-08-20T21:06:50+00:00","og_image":[{"width":900,"height":750,"url":"https:\/\/www.robotec.se\/wp-content\/uploads\/2025\/07\/karriar.jpg","type":"image\/jpeg"}],"twitter_card":"summary_large_image","twitter_misc":{"Estimated reading time":"1 minute"},"schema":{"@context":"https:\/\/schema.org","@graph":[{"@type":"WebPage","@id":"https:\/\/www.robotec.se\/aktuellt\/","url":"https:\/\/www.robotec.se\/aktuellt\/","name":"Stay up-to-date - Check out our company news here!","isPartOf":{"@id":"https:\/\/www.robotec.se\/#website"},"primaryImageOfPage":{"@id":"https:\/\/www.robotec.se\/aktuellt\/#primaryimage"},"image":{"@id":"https:\/\/www.robotec.se\/aktuellt\/#primaryimage"},"thumbnailUrl":"https:\/\/www.robotec.se\/wp-content\/uploads\/2025\/07\/karriar.jpg","datePublished":"2023-05-10T22:47:47+00:00","dateModified":"2025-08-20T21:06:50+00:00","description":"On this page you can easily access our latest news and updates. Keep up to date with the latest in our industry.","breadcrumb":{"@id":"https:\/\/www.robotec.se\/aktuellt\/#breadcrumb"},"inLanguage":"en-GB","potentialAction":[{"@type":"ReadAction","target":["https:\/\/www.robotec.se\/aktuellt\/"]}]},{"@type":"ImageObject","inLanguage":"en-GB","@id":"https:\/\/www.robotec.se\/aktuellt\/#primaryimage","url":"https:\/\/www.robotec.se\/wp-content\/uploads\/2025\/07\/karriar.jpg","contentUrl":"https:\/\/www.robotec.se\/wp-content\/uploads\/2025\/07\/karriar.jpg","width":900,"height":750},{"@type":"BreadcrumbList","@id":"https:\/\/www.robotec.se\/aktuellt\/#breadcrumb","itemListElement":[{"@type":"ListItem","position":1,"name":"Hem","item":"https:\/\/www.robotec.se\/"},{"@type":"ListItem","position":2,"name":"Aktuellt"}]},{"@type":"WebSite","@id":"https:\/\/www.robotec.se\/#website","url":"https:\/\/www.robotec.se\/","name":"Robotec AB","description":"We help you with sheet metal processing","publisher":{"@id":"https:\/\/www.robotec.se\/#organization"},"potentialAction":[{"@type":"SearchAction","target":{"@type":"EntryPoint","urlTemplate":"https:\/\/www.robotec.se\/?s={search_term_string}"},"query-input":{"@type":"PropertyValueSpecification","valueRequired":true,"valueName":"search_term_string"}}],"inLanguage":"en-GB"},{"@type":"Organization","@id":"https:\/\/www.robotec.se\/#organization","name":"Robotec AB","url":"https:\/\/www.robotec.se\/","logo":{"@type":"ImageObject","inLanguage":"en-GB","@id":"https:\/\/www.robotec.se\/#\/schema\/logo\/image\/","url":"https:\/\/www.robotec.se\/wp-content\/uploads\/2025\/06\/roboteclogo-1.png","contentUrl":"https:\/\/www.robotec.se\/wp-content\/uploads\/2025\/06\/roboteclogo-1.png","width":700,"height":91,"caption":"Robotec AB"},"image":{"@id":"https:\/\/www.robotec.se\/#\/schema\/logo\/image\/"}}]}},"_links":{"self":[{"href":"https:\/\/www.robotec.se\/en\/wp-json\/wp\/v2\/pages\/4363","targetHints":{"allow":["GET"]}}],"collection":[{"href":"https:\/\/www.robotec.se\/en\/wp-json\/wp\/v2\/pages"}],"about":[{"href":"https:\/\/www.robotec.se\/en\/wp-json\/wp\/v2\/types\/page"}],"author":[{"embeddable":true,"href":"https:\/\/www.robotec.se\/en\/wp-json\/wp\/v2\/users\/1"}],"replies":[{"embeddable":true,"href":"https:\/\/www.robotec.se\/en\/wp-json\/wp\/v2\/comments?post=4363"}],"version-history":[{"count":1,"href":"https:\/\/www.robotec.se\/en\/wp-json\/wp\/v2\/pages\/4363\/revisions"}],"predecessor-version":[{"id":4522,"href":"https:\/\/www.robotec.se\/en\/wp-json\/wp\/v2\/pages\/4363\/revisions\/4522"}],"wp:featuredmedia":[{"embeddable":true,"href":"https:\/\/www.robotec.se\/en\/wp-json\/wp\/v2\/media\/5295"}],"wp:attachment":[{"href":"https:\/\/www.robotec.se\/en\/wp-json\/wp\/v2\/media?parent=4363"}],"curies":[{"name":"wp","href":"https:\/\/api.w.org\/{rel}","templated":true}]}}