{"id":5306,"date":"2025-07-02T10:16:59","date_gmt":"2025-07-02T10:16:59","guid":{"rendered":"https:\/\/www.robotec.se\/?page_id=5306"},"modified":"2025-11-27T10:35:57","modified_gmt":"2025-11-27T10:35:57","slug":"kontakt","status":"publish","type":"page","link":"https:\/\/www.robotec.se\/en\/kontakt\/","title":{"rendered":"Contact us"},"content":{"rendered":"<section class=\"vc_row liquid-row-shadowbox-69f3a46a90e47 vc_column-gap-0\"><div class=\"ld-container container-fluid\"><div class=\"row ld-row ld-row-outer\"><div class=\"wpb_column vc_column_container vc_col-sm-12 liquid-column-69f3a46a91241\"><div class=\"vc_column-inner\" ><div class=\"wpb_wrapper\"  ><div class=\"ld-gmap-container ld_google_map_69f3a46a912e8\" id=\"ld_google_map_69f3a46a912e8\" style=\"height: 580px\">\n\n\t<div class=\"ld-gmap\" data-plugin-map=\"true\" data-plugin-options='{\"style\":\"shadesOfGray\",\"address\":\"Pl\\u00e5tgatan 5, 333 33 Sm\\u00e5landsstenar, Sverige\",\"marker\":\"https:\\\/\\\/www.robotec.se\\\/wp-content\\\/plugins\\\/hub-core\\\/assets\\\/img\\\/markers\\\/map-pin.svg\",\"markers\":null,\"map\":{\"zoom\":12,\"mapTypeId\":\"roadmap\",\"fullscreenControl\":true},\"marker_style\":\"html\"}'><\/div>\n\n<\/div><\/div><\/div><\/div><\/div><\/div><\/section><style>@media (min-width: 992px) { .liquid-row-responsive-69f3a46a91cbd {margin-top:60px !important;  }  }    <\/style><section class=\"vc_row vc_custom_1751451792376 liquid-row-responsive-69f3a46a91cbd liquid-row-shadowbox-69f3a46a91cdb\"><div class=\"ld-container container\"><div class=\"row ld-row ld-row-outer\"><div class=\"wpb_column vc_column_container vc_col-sm-3 liquid-column-69f3a46a91eca\"><div class=\"vc_column-inner\" ><div class=\"wpb_wrapper\"  ><\/div><\/div><\/div><div class=\"wpb_column vc_column_container vc_col-sm-6 liquid-column-69f3a46a92064\"><div class=\"vc_column-inner\" ><div class=\"wpb_wrapper\"  ><style>.ld_fancy_heading_69f3a46a921a4 h4{color:rgb(255, 255, 255);}.ld_fancy_heading_69f3a46a921a4 h4 {font-size:36px; } .ld_fancy_heading_69f3a46a921a4 .lqd-highlight-inner{height:0.275em!important;bottom:0px!important;}.ld_fancy_heading_69f3a46a921a4 h4 {font-size:36px; } <\/style><div class=\"ld-fancy-heading text-center ld_fancy_heading_69f3a46a921a4\">\n\t<h4 class=\"ld-fh-element lqd-highlight-underline lqd-highlight-grow-left text-decoration-default\"   >  Welcome to contact us<\/h4><\/div><style>.ld_fancy_heading_69f3a46a92a29 .lqd-highlight-inner{height:0.275em!important;bottom:0px!important;}<\/style><div class=\"ld-fancy-heading text-center ld_fancy_heading_69f3a46a92a29\">\n\t<p class=\"ld-fh-element lqd-highlight-underline lqd-highlight-grow-left text-decoration-default\"   >  Do you have any questions, want to know more about our services or discuss future co-operation? Don't hesitate to get in touch - we are happy to help.<\/p>\n<p>Whether it's a request for a quote, technical questions or anything else, you are always welcome to contact us by phone, email or the contact form on this page. We look forward to hearing from you!<\/p><\/div><\/div><\/div><\/div><div class=\"wpb_column vc_column_container vc_col-sm-3 liquid-column-69f3a46a93251\"><div class=\"vc_column-inner\" ><div class=\"wpb_wrapper\"  ><\/div><\/div><\/div><\/div><\/div><\/section><style>@media (min-width: 992px) { .liquid-row-responsive-69f3a46a933aa {margin-bottom:60px !important;  }  }    <\/style><section class=\"vc_row vc_custom_1751451809666 liquid-row-responsive-69f3a46a933aa liquid-row-shadowbox-69f3a46a933b9 vc_column-gap-30\"><div class=\"ld-container container\"><div class=\"row ld-row ld-row-outer\"><div class=\"wpb_column vc_column_container vc_col-sm-4 liquid-column-69f3a46a93599\"><div class=\"vc_column-inner\" ><div class=\"wpb_wrapper\"  >\n\t<div  class=\"wpb_single_image wpb_content_element vc_align_  liquid_vc_single_image-69f3a46a93df2\">\n\t\t\n\t\t<figure class=\"wpb_wrapper vc_figure\">\n\t\t\t<div class=\"vc_single_image-wrapper    vc_custom_1751408739607\"><img decoding=\"async\" width=\"600\" height=\"602\" src=\"https:\/\/www.robotec.se\/wp-content\/uploads\/2025\/07\/monica.jpg\" class=\"vc_single_image-img attachment-full\" alt=\"\" title=\"Monica\" srcset=\"https:\/\/www.robotec.se\/wp-content\/uploads\/2025\/07\/monica.jpg 600w, https:\/\/www.robotec.se\/wp-content\/uploads\/2025\/07\/monica-300x300.jpg 300w, https:\/\/www.robotec.se\/wp-content\/uploads\/2025\/07\/monica-150x150.jpg 150w, https:\/\/www.robotec.se\/wp-content\/uploads\/2025\/07\/monica-12x12.jpg 12w\" sizes=\"(max-width: 600px) 100vw, 600px\" itemprop=\"image\" \/><\/div>\n\t\t<\/figure>\n\t<\/div>\n<style>.ld_fancy_heading_69f3a46a93ef8 h4{color:rgb(255, 255, 255);}.ld_fancy_heading_69f3a46a93ef8 h4 {font-size:24px; } .ld_fancy_heading_69f3a46a93ef8 h4 {padding-bottom:0px !important;  } .ld_fancy_heading_69f3a46a93ef8 h4 {margin-bottom:0px !important;  } .ld_fancy_heading_69f3a46a93ef8 .lqd-highlight-inner{height:0.275em!important;bottom:0px!important;}.ld_fancy_heading_69f3a46a93ef8 h4 {font-size:24px; } .ld_fancy_heading_69f3a46a93ef8 h4 {padding-bottom:0px !important;  } .ld_fancy_heading_69f3a46a93ef8 h4 {margin-bottom:0px !important;  } <\/style><div class=\"ld-fancy-heading text-center ld_fancy_heading_69f3a46a93ef8\">\n\t<h4 class=\"ld-fh-element lqd-highlight-underline lqd-highlight-grow-left text-decoration-default\"   >  Monica S\u00f6derberg<\/h4><\/div><style>.ld_fancy_heading_69f3a46a940bf h4{color:rgb(229, 82, 3);}.ld_fancy_heading_69f3a46a940bf h4 {font-size:20px; } .ld_fancy_heading_69f3a46a940bf .lqd-highlight-inner{height:0.275em!important;bottom:0px!important;}.ld_fancy_heading_69f3a46a940bf h4 {font-size:20px; } <\/style><div class=\"ld-fancy-heading text-center roll ld_fancy_heading_69f3a46a940bf\">\n\t<h4 class=\"ld-fh-element lqd-highlight-underline lqd-highlight-grow-left text-decoration-default\"   >  Purchasing, quality<\/h4><\/div><div class=\"vc_separator wpb_content_element vc_separator_align_center vc_sep_width_50 vc_sep_pos_align_center vc_separator_no_text vc_custom_1751451637893  vc_custom_1751451637893\" ><span class=\"vc_sep_holder vc_sep_holder_l\"><span  style=\"border-color:rgb(255,255,255);border-color:rgba(255, 255, 255, 0.2);\" class=\"vc_sep_line\"><\/span><\/span><span class=\"vc_sep_holder vc_sep_holder_r\"><span  style=\"border-color:rgb(255,255,255);border-color:rgba(255, 255, 255, 0.2);\" class=\"vc_sep_line\"><\/span><\/span>\n<\/div><style>.ld_fancy_heading_69f3a46a944c9 h4{color:rgb(255, 255, 255);}.ld_fancy_heading_69f3a46a944c9 h4 {font-size:20px; } .ld_fancy_heading_69f3a46a944c9 h4 {line-height:28px; } .ld_fancy_heading_69f3a46a944c9 h4 {--element-line-height:28px; } .ld_fancy_heading_69f3a46a944c9 .lqd-highlight-inner{height:0.275em!important;bottom:0px!important;}.ld_fancy_heading_69f3a46a944c9 h4 {font-size:20px; } .ld_fancy_heading_69f3a46a944c9 h4 {line-height:28px; } .ld_fancy_heading_69f3a46a944c9 h4 {--element-line-height:28px; } <\/style><div class=\"ld-fancy-heading text-center roll ld_fancy_heading_69f3a46a944c9\">\n\t<h4 class=\"ld-fh-element lqd-highlight-underline lqd-highlight-grow-left text-decoration-default\"   >  0371-330 01<br \/>\n070-288 57 92<br \/>\n<a href=\"mailto:monica@robotec.se\">monica@robotec.se<\/a><\/h4><\/div><\/div><\/div><\/div><div class=\"wpb_column vc_column_container vc_col-sm-4 liquid-column-69f3a46a947b6\"><div class=\"vc_column-inner\" ><div class=\"wpb_wrapper\"  >\n\t<div  class=\"wpb_single_image wpb_content_element vc_align_  liquid_vc_single_image-69f3a46a9c270\">\n\t\t\n\t\t<figure class=\"wpb_wrapper vc_figure\">\n\t\t\t<div class=\"vc_single_image-wrapper    vc_custom_1751408744509\"><img decoding=\"async\" width=\"600\" height=\"602\" src=\"data:image\/svg+xml;charset=utf-8,%3Csvg xmlns%3D&#039;http%3A%2F%2Fwww.w3.org%2F2000%2Fsvg&#039; viewBox%3D&#039;0 0 600 602&#039;%2F%3E\" class=\"vc_single_image-img attachment-full ld-lazyload\" alt=\"\" title=\"victor\" itemprop=\"image\" data-src=\"https:\/\/www.robotec.se\/wp-content\/uploads\/2025\/07\/victor.jpg\" data-srcset=\"https:\/\/www.robotec.se\/wp-content\/uploads\/2025\/07\/victor.jpg 600w, https:\/\/www.robotec.se\/wp-content\/uploads\/2025\/07\/victor-300x300.jpg 300w, https:\/\/www.robotec.se\/wp-content\/uploads\/2025\/07\/victor-150x150.jpg 150w, https:\/\/www.robotec.se\/wp-content\/uploads\/2025\/07\/victor-12x12.jpg 12w\" data-sizes=\"(max-width: 600px) 100vw, 600px\" data-aspect=\"0.996677740864\" \/><\/div>\n\t\t<\/figure>\n\t<\/div>\n<style>.ld_fancy_heading_69f3a46a9c340 h4{color:rgb(255, 255, 255);}.ld_fancy_heading_69f3a46a9c340 h4 {font-size:24px; } .ld_fancy_heading_69f3a46a9c340 h4 {padding-bottom:0px !important;  } .ld_fancy_heading_69f3a46a9c340 h4 {margin-bottom:0px !important;  } .ld_fancy_heading_69f3a46a9c340 .lqd-highlight-inner{height:0.275em!important;bottom:0px!important;}.ld_fancy_heading_69f3a46a9c340 h4 {font-size:24px; } .ld_fancy_heading_69f3a46a9c340 h4 {padding-bottom:0px !important;  } .ld_fancy_heading_69f3a46a9c340 h4 {margin-bottom:0px !important;  } <\/style><div class=\"ld-fancy-heading text-center ld_fancy_heading_69f3a46a9c340\">\n\t<h4 class=\"ld-fh-element lqd-highlight-underline lqd-highlight-grow-left text-decoration-default\"   >  Victor S\u00f6derberg<\/h4><\/div><style>.ld_fancy_heading_69f3a46a9c512 h4{color:rgb(229, 82, 3);}.ld_fancy_heading_69f3a46a9c512 h4 {font-size:20px; } .ld_fancy_heading_69f3a46a9c512 .lqd-highlight-inner{height:0.275em!important;bottom:0px!important;}.ld_fancy_heading_69f3a46a9c512 h4 {font-size:20px; } <\/style><div class=\"ld-fancy-heading text-center roll ld_fancy_heading_69f3a46a9c512\">\n\t<h4 class=\"ld-fh-element lqd-highlight-underline lqd-highlight-grow-left text-decoration-default\"   >  CEO, Sales and Technology<\/h4><\/div><div class=\"vc_separator wpb_content_element vc_separator_align_center vc_sep_width_50 vc_sep_pos_align_center vc_separator_no_text vc_custom_1751451637893  vc_custom_1751451637893\" ><span class=\"vc_sep_holder vc_sep_holder_l\"><span  style=\"border-color:rgb(255,255,255);border-color:rgba(255, 255, 255, 0.2);\" class=\"vc_sep_line\"><\/span><\/span><span class=\"vc_sep_holder vc_sep_holder_r\"><span  style=\"border-color:rgb(255,255,255);border-color:rgba(255, 255, 255, 0.2);\" class=\"vc_sep_line\"><\/span><\/span>\n<\/div><style>.ld_fancy_heading_69f3a46a9c814 h4{color:rgb(255, 255, 255);}.ld_fancy_heading_69f3a46a9c814 h4 {font-size:20px; } .ld_fancy_heading_69f3a46a9c814 h4 {line-height:28px; } .ld_fancy_heading_69f3a46a9c814 h4 {--element-line-height:28px; } .ld_fancy_heading_69f3a46a9c814 .lqd-highlight-inner{height:0.275em!important;bottom:0px!important;}.ld_fancy_heading_69f3a46a9c814 h4 {font-size:20px; } .ld_fancy_heading_69f3a46a9c814 h4 {line-height:28px; } .ld_fancy_heading_69f3a46a9c814 h4 {--element-line-height:28px; } <\/style><div class=\"ld-fancy-heading text-center roll ld_fancy_heading_69f3a46a9c814\">\n\t<h4 class=\"ld-fh-element lqd-highlight-underline lqd-highlight-grow-left text-decoration-default\"   >  0371-330 01<br \/>\n076-645 14 32<br \/>\n<a href=\"mailto:victor@robotec.se\">victor@robotec.se<\/a><\/h4><\/div><\/div><\/div><\/div><div class=\"wpb_column vc_column_container vc_col-sm-4 liquid-column-69f3a46a9cac8\"><div class=\"vc_column-inner\" ><div class=\"wpb_wrapper\"  >\n\t<div  class=\"wpb_single_image wpb_content_element vc_align_  liquid_vc_single_image-69f3a46aa3218\">\n\t\t\n\t\t<figure class=\"wpb_wrapper vc_figure\">\n\t\t\t<div class=\"vc_single_image-wrapper    vc_custom_1751408750291\"><img decoding=\"async\" width=\"600\" height=\"602\" src=\"data:image\/svg+xml;charset=utf-8,%3Csvg xmlns%3D&#039;http%3A%2F%2Fwww.w3.org%2F2000%2Fsvg&#039; viewBox%3D&#039;0 0 600 602&#039;%2F%3E\" class=\"vc_single_image-img attachment-full ld-lazyload\" alt=\"\" title=\"fanny\" itemprop=\"image\" data-src=\"https:\/\/www.robotec.se\/wp-content\/uploads\/2025\/07\/fanny.jpg\" data-srcset=\"https:\/\/www.robotec.se\/wp-content\/uploads\/2025\/07\/fanny.jpg 600w, https:\/\/www.robotec.se\/wp-content\/uploads\/2025\/07\/fanny-300x300.jpg 300w, https:\/\/www.robotec.se\/wp-content\/uploads\/2025\/07\/fanny-150x150.jpg 150w, https:\/\/www.robotec.se\/wp-content\/uploads\/2025\/07\/fanny-12x12.jpg 12w\" data-sizes=\"(max-width: 600px) 100vw, 600px\" data-aspect=\"0.996677740864\" \/><\/div>\n\t\t<\/figure>\n\t<\/div>\n<style>.ld_fancy_heading_69f3a46aa32e7 h4{color:rgb(255, 255, 255);}.ld_fancy_heading_69f3a46aa32e7 h4 {font-size:24px; } .ld_fancy_heading_69f3a46aa32e7 h4 {padding-bottom:0px !important;  } .ld_fancy_heading_69f3a46aa32e7 h4 {margin-bottom:0px !important;  } .ld_fancy_heading_69f3a46aa32e7 .lqd-highlight-inner{height:0.275em!important;bottom:0px!important;}.ld_fancy_heading_69f3a46aa32e7 h4 {font-size:24px; } .ld_fancy_heading_69f3a46aa32e7 h4 {padding-bottom:0px !important;  } .ld_fancy_heading_69f3a46aa32e7 h4 {margin-bottom:0px !important;  } <\/style><div class=\"ld-fancy-heading text-center ld_fancy_heading_69f3a46aa32e7\">\n\t<h4 class=\"ld-fh-element lqd-highlight-underline lqd-highlight-grow-left text-decoration-default\"   >  Fanny S\u00f6derberg<\/h4><\/div><style>.ld_fancy_heading_69f3a46aa34b0 h4{color:rgb(229, 82, 3);}.ld_fancy_heading_69f3a46aa34b0 h4 {font-size:20px; } .ld_fancy_heading_69f3a46aa34b0 .lqd-highlight-inner{height:0.275em!important;bottom:0px!important;}.ld_fancy_heading_69f3a46aa34b0 h4 {font-size:20px; } <\/style><div class=\"ld-fancy-heading text-center roll ld_fancy_heading_69f3a46aa34b0\">\n\t<h4 class=\"ld-fh-element lqd-highlight-underline lqd-highlight-grow-left text-decoration-default\"   >  Economy, planning<\/h4><\/div><div class=\"vc_separator wpb_content_element vc_separator_align_center vc_sep_width_50 vc_sep_pos_align_center vc_separator_no_text vc_custom_1751451637893  vc_custom_1751451637893\" ><span class=\"vc_sep_holder vc_sep_holder_l\"><span  style=\"border-color:rgb(255,255,255);border-color:rgba(255, 255, 255, 0.2);\" class=\"vc_sep_line\"><\/span><\/span><span class=\"vc_sep_holder vc_sep_holder_r\"><span  style=\"border-color:rgb(255,255,255);border-color:rgba(255, 255, 255, 0.2);\" class=\"vc_sep_line\"><\/span><\/span>\n<\/div><style>.ld_fancy_heading_69f3a46aa37ac h4{color:rgb(255, 255, 255);}.ld_fancy_heading_69f3a46aa37ac h4 {font-size:20px; } .ld_fancy_heading_69f3a46aa37ac h4 {line-height:28px; } .ld_fancy_heading_69f3a46aa37ac h4 {--element-line-height:28px; } .ld_fancy_heading_69f3a46aa37ac .lqd-highlight-inner{height:0.275em!important;bottom:0px!important;}.ld_fancy_heading_69f3a46aa37ac h4 {font-size:20px; } .ld_fancy_heading_69f3a46aa37ac h4 {line-height:28px; } .ld_fancy_heading_69f3a46aa37ac h4 {--element-line-height:28px; } <\/style><div class=\"ld-fancy-heading text-center roll ld_fancy_heading_69f3a46aa37ac\">\n\t<h4 class=\"ld-fh-element lqd-highlight-underline lqd-highlight-grow-left text-decoration-default\"   >  072-534 61 44<br \/>\n<a href=\"mailto:fanny@robotec.se\">fanny@robotec.se<\/a><\/h4><\/div><\/div><\/div><\/div><\/div><\/div><\/section>","protected":false},"excerpt":{"rendered":"Welcome to contact us Do you have any questions, want to know more about our services or discuss a future co-operation? Don't hesitate to get in touch - we're happy to help. Whether it's a request for a quote, technical questions or anything else, you are always welcome to contact us by phone, email or the contact form on this page. [...]","protected":false},"author":1,"featured_media":5247,"parent":0,"menu_order":0,"comment_status":"closed","ping_status":"closed","template":"","meta":{"footnotes":""},"class_list":["post-5306","page","type-page","status-publish","has-post-thumbnail","hentry"],"yoast_head":"<!-- This site is optimized with the Yoast SEO plugin v26.4 - https:\/\/yoast.com\/wordpress\/plugins\/seo\/ -->\n<title>V\u00e4lkommen att kontakta oss<\/title>\n<meta name=\"description\" content=\"Har du fr\u00e5gor, vill du veta mer om v\u00e5ra tj\u00e4nster eller diskutera ett framtida samarbete? Tveka inte att h\u00f6ra av dig \u2013 vi hj\u00e4lper dig g\u00e4rna.\" \/>\n<meta name=\"robots\" content=\"index, follow, max-snippet:-1, max-image-preview:large, max-video-preview:-1\" \/>\n<link rel=\"canonical\" href=\"https:\/\/www.robotec.se\/en\/kontakt\/\" \/>\n<meta property=\"og:locale\" content=\"en_GB\" \/>\n<meta property=\"og:type\" content=\"article\" \/>\n<meta property=\"og:title\" content=\"V\u00e4lkommen att kontakta oss\" \/>\n<meta property=\"og:description\" content=\"Har du fr\u00e5gor, vill du veta mer om v\u00e5ra tj\u00e4nster eller diskutera ett framtida samarbete? Tveka inte att h\u00f6ra av dig \u2013 vi hj\u00e4lper dig g\u00e4rna.\" \/>\n<meta property=\"og:url\" content=\"https:\/\/www.robotec.se\/en\/kontakt\/\" \/>\n<meta property=\"og:site_name\" content=\"Robotec\" \/>\n<meta property=\"article:modified_time\" content=\"2025-11-27T10:35:57+00:00\" \/>\n<meta property=\"og:image\" content=\"https:\/\/www.robotec.se\/wp-content\/uploads\/2025\/07\/robotecomoss2.jpg\" \/>\n\t<meta property=\"og:image:width\" content=\"1000\" \/>\n\t<meta property=\"og:image:height\" content=\"800\" \/>\n\t<meta property=\"og:image:type\" content=\"image\/jpeg\" \/>\n<meta name=\"twitter:card\" content=\"summary_large_image\" \/>\n<meta name=\"twitter:label1\" content=\"Estimated reading time\" \/>\n\t<meta name=\"twitter:data1\" content=\"7 minutes\" \/>\n<script type=\"application\/ld+json\" class=\"yoast-schema-graph\">{\"@context\":\"https:\/\/schema.org\",\"@graph\":[{\"@type\":\"WebPage\",\"@id\":\"https:\/\/www.robotec.se\/kontakt\/\",\"url\":\"https:\/\/www.robotec.se\/kontakt\/\",\"name\":\"V\u00e4lkommen att kontakta oss\",\"isPartOf\":{\"@id\":\"https:\/\/www.robotec.se\/#website\"},\"primaryImageOfPage\":{\"@id\":\"https:\/\/www.robotec.se\/kontakt\/#primaryimage\"},\"image\":{\"@id\":\"https:\/\/www.robotec.se\/kontakt\/#primaryimage\"},\"thumbnailUrl\":\"https:\/\/www.robotec.se\/wp-content\/uploads\/2025\/07\/robotecomoss2.jpg\",\"datePublished\":\"2025-07-02T10:16:59+00:00\",\"dateModified\":\"2025-11-27T10:35:57+00:00\",\"description\":\"Har du fr\u00e5gor, vill du veta mer om v\u00e5ra tj\u00e4nster eller diskutera ett framtida samarbete? Tveka inte att h\u00f6ra av dig \u2013 vi hj\u00e4lper dig g\u00e4rna.\",\"breadcrumb\":{\"@id\":\"https:\/\/www.robotec.se\/kontakt\/#breadcrumb\"},\"inLanguage\":\"en-GB\",\"potentialAction\":[{\"@type\":\"ReadAction\",\"target\":[\"https:\/\/www.robotec.se\/kontakt\/\"]}]},{\"@type\":\"ImageObject\",\"inLanguage\":\"en-GB\",\"@id\":\"https:\/\/www.robotec.se\/kontakt\/#primaryimage\",\"url\":\"https:\/\/www.robotec.se\/wp-content\/uploads\/2025\/07\/robotecomoss2.jpg\",\"contentUrl\":\"https:\/\/www.robotec.se\/wp-content\/uploads\/2025\/07\/robotecomoss2.jpg\",\"width\":1000,\"height\":800},{\"@type\":\"BreadcrumbList\",\"@id\":\"https:\/\/www.robotec.se\/kontakt\/#breadcrumb\",\"itemListElement\":[{\"@type\":\"ListItem\",\"position\":1,\"name\":\"Hem\",\"item\":\"https:\/\/www.robotec.se\/\"},{\"@type\":\"ListItem\",\"position\":2,\"name\":\"Kontakta oss\"}]},{\"@type\":\"WebSite\",\"@id\":\"https:\/\/www.robotec.se\/#website\",\"url\":\"https:\/\/www.robotec.se\/\",\"name\":\"Robotec AB\",\"description\":\"Vi hj\u00e4lper dig med pl\u00e5tbearbetning\",\"publisher\":{\"@id\":\"https:\/\/www.robotec.se\/#organization\"},\"potentialAction\":[{\"@type\":\"SearchAction\",\"target\":{\"@type\":\"EntryPoint\",\"urlTemplate\":\"https:\/\/www.robotec.se\/?s={search_term_string}\"},\"query-input\":{\"@type\":\"PropertyValueSpecification\",\"valueRequired\":true,\"valueName\":\"search_term_string\"}}],\"inLanguage\":\"en-GB\"},{\"@type\":\"Organization\",\"@id\":\"https:\/\/www.robotec.se\/#organization\",\"name\":\"Robotec AB\",\"url\":\"https:\/\/www.robotec.se\/\",\"logo\":{\"@type\":\"ImageObject\",\"inLanguage\":\"en-GB\",\"@id\":\"https:\/\/www.robotec.se\/#\/schema\/logo\/image\/\",\"url\":\"https:\/\/www.robotec.se\/wp-content\/uploads\/2025\/06\/roboteclogo-1.png\",\"contentUrl\":\"https:\/\/www.robotec.se\/wp-content\/uploads\/2025\/06\/roboteclogo-1.png\",\"width\":700,\"height\":91,\"caption\":\"Robotec AB\"},\"image\":{\"@id\":\"https:\/\/www.robotec.se\/#\/schema\/logo\/image\/\"}}]}<\/script>\n<!-- \/ Yoast SEO plugin. -->","yoast_head_json":{"title":"Welcome to contact us","description":"Do you have any questions, want to know more about our services or discuss future co-operation? Don't hesitate to get in touch - we are happy to help.","robots":{"index":"index","follow":"follow","max-snippet":"max-snippet:-1","max-image-preview":"max-image-preview:large","max-video-preview":"max-video-preview:-1"},"canonical":"https:\/\/www.robotec.se\/en\/kontakt\/","og_locale":"en_GB","og_type":"article","og_title":"V\u00e4lkommen att kontakta oss","og_description":"Har du fr\u00e5gor, vill du veta mer om v\u00e5ra tj\u00e4nster eller diskutera ett framtida samarbete? Tveka inte att h\u00f6ra av dig \u2013 vi hj\u00e4lper dig g\u00e4rna.","og_url":"https:\/\/www.robotec.se\/en\/kontakt\/","og_site_name":"Robotec","article_modified_time":"2025-11-27T10:35:57+00:00","og_image":[{"width":1000,"height":800,"url":"https:\/\/www.robotec.se\/wp-content\/uploads\/2025\/07\/robotecomoss2.jpg","type":"image\/jpeg"}],"twitter_card":"summary_large_image","twitter_misc":{"Estimated reading time":"7 minutes"},"schema":{"@context":"https:\/\/schema.org","@graph":[{"@type":"WebPage","@id":"https:\/\/www.robotec.se\/kontakt\/","url":"https:\/\/www.robotec.se\/kontakt\/","name":"Welcome to contact us","isPartOf":{"@id":"https:\/\/www.robotec.se\/#website"},"primaryImageOfPage":{"@id":"https:\/\/www.robotec.se\/kontakt\/#primaryimage"},"image":{"@id":"https:\/\/www.robotec.se\/kontakt\/#primaryimage"},"thumbnailUrl":"https:\/\/www.robotec.se\/wp-content\/uploads\/2025\/07\/robotecomoss2.jpg","datePublished":"2025-07-02T10:16:59+00:00","dateModified":"2025-11-27T10:35:57+00:00","description":"Do you have any questions, want to know more about our services or discuss future co-operation? Don't hesitate to get in touch - we are happy to help.","breadcrumb":{"@id":"https:\/\/www.robotec.se\/kontakt\/#breadcrumb"},"inLanguage":"en-GB","potentialAction":[{"@type":"ReadAction","target":["https:\/\/www.robotec.se\/kontakt\/"]}]},{"@type":"ImageObject","inLanguage":"en-GB","@id":"https:\/\/www.robotec.se\/kontakt\/#primaryimage","url":"https:\/\/www.robotec.se\/wp-content\/uploads\/2025\/07\/robotecomoss2.jpg","contentUrl":"https:\/\/www.robotec.se\/wp-content\/uploads\/2025\/07\/robotecomoss2.jpg","width":1000,"height":800},{"@type":"BreadcrumbList","@id":"https:\/\/www.robotec.se\/kontakt\/#breadcrumb","itemListElement":[{"@type":"ListItem","position":1,"name":"Hem","item":"https:\/\/www.robotec.se\/"},{"@type":"ListItem","position":2,"name":"Kontakta oss"}]},{"@type":"WebSite","@id":"https:\/\/www.robotec.se\/#website","url":"https:\/\/www.robotec.se\/","name":"Robotec AB","description":"We help you with sheet metal processing","publisher":{"@id":"https:\/\/www.robotec.se\/#organization"},"potentialAction":[{"@type":"SearchAction","target":{"@type":"EntryPoint","urlTemplate":"https:\/\/www.robotec.se\/?s={search_term_string}"},"query-input":{"@type":"PropertyValueSpecification","valueRequired":true,"valueName":"search_term_string"}}],"inLanguage":"en-GB"},{"@type":"Organization","@id":"https:\/\/www.robotec.se\/#organization","name":"Robotec AB","url":"https:\/\/www.robotec.se\/","logo":{"@type":"ImageObject","inLanguage":"en-GB","@id":"https:\/\/www.robotec.se\/#\/schema\/logo\/image\/","url":"https:\/\/www.robotec.se\/wp-content\/uploads\/2025\/06\/roboteclogo-1.png","contentUrl":"https:\/\/www.robotec.se\/wp-content\/uploads\/2025\/06\/roboteclogo-1.png","width":700,"height":91,"caption":"Robotec AB"},"image":{"@id":"https:\/\/www.robotec.se\/#\/schema\/logo\/image\/"}}]}},"_links":{"self":[{"href":"https:\/\/www.robotec.se\/en\/wp-json\/wp\/v2\/pages\/5306","targetHints":{"allow":["GET"]}}],"collection":[{"href":"https:\/\/www.robotec.se\/en\/wp-json\/wp\/v2\/pages"}],"about":[{"href":"https:\/\/www.robotec.se\/en\/wp-json\/wp\/v2\/types\/page"}],"author":[{"embeddable":true,"href":"https:\/\/www.robotec.se\/en\/wp-json\/wp\/v2\/users\/1"}],"replies":[{"embeddable":true,"href":"https:\/\/www.robotec.se\/en\/wp-json\/wp\/v2\/comments?post=5306"}],"version-history":[{"count":7,"href":"https:\/\/www.robotec.se\/en\/wp-json\/wp\/v2\/pages\/5306\/revisions"}],"predecessor-version":[{"id":5399,"href":"https:\/\/www.robotec.se\/en\/wp-json\/wp\/v2\/pages\/5306\/revisions\/5399"}],"wp:featuredmedia":[{"embeddable":true,"href":"https:\/\/www.robotec.se\/en\/wp-json\/wp\/v2\/media\/5247"}],"wp:attachment":[{"href":"https:\/\/www.robotec.se\/en\/wp-json\/wp\/v2\/media?parent=5306"}],"curies":[{"name":"wp","href":"https:\/\/api.w.org\/{rel}","templated":true}]}}